{"id":3643,"date":"2015-12-21T04:15:26","date_gmt":"2015-12-21T04:15:26","guid":{"rendered":"http:\/\/2017.perigiali-crete.gr\/southeast-accommodation\/"},"modified":"2025-07-06T11:51:28","modified_gmt":"2025-07-06T11:51:28","slug":"makrigialos-studios","status":"publish","type":"page","link":"https:\/\/www.perigiali-crete.gr\/fr\/makrigialos-studios\/","title":{"rendered":"Contact"},"content":{"rendered":"<div class=\"wpb-content-wrapper\"><p>[vc_row layout=\u00a0\u00bbboxed\u00a0\u00bb el_class=\u00a0\u00bbmargin-bottom-0&Prime;][vc_column width=\u00a0\u00bb1\/3&Prime; el_class=\u00a0\u00bbcol-md-4 col-sm-12 sm-margin-bottom-30&Prime; css=\u00a0\u00bb.vc_custom_1496086109545{padding-top: 100px !important;}\u00a0\u00bb][vc_raw_html css=\u00a0\u00bb.vc_custom_1496329119103{margin-bottom: 40px !important;}\u00a0\u00bb]JTNDZGl2JTIwYWxpZ24lM0QlMjJjZW50ZXIlMjIlM0UlM0NhJTIwaHJlZiUzRCUyMmh0dHAlM0ElMkYlMkZ3d3cuYm9va2luZy5jb20lMkZob3RlbCUyRmdyJTJGcGVyaWdpYWxpLW1ha3J5Z2lhbG9zLmh0bWwlM0ZhaWQlM0QzMzA4NDMlMjIlM0UlM0NpbWclMjBzcmMlM0QlMjJodHRwJTNBJTJGJTJGYWZmLmJzdGF0aWMuY29tJTJGaW1hZ2VzJTJGYWZmaWxpYXRlJTJGMzMwODQzJTJGYm9va25vd19mci5naWYlMjIlMjBzdHlsZSUzRCUyMmJvcmRlciUzQSUyMDAlM0IlMjIlMjAlMkYlM0UlM0MlMkZkaXYlM0U=[\/vc_raw_html]            <div class=\"heading color-dark size-md text-center \" >\n                                <div class=\"line-double\">\n                                                        <h2>\n                        CONTACT                    <\/h2>\n                                        <span>\n                        Envoyer un message                    <\/span>\n                                    <\/div>\n                            <\/div>\n            [vc_column_text css=\u00a0\u00bb.vc_custom_1496241506327{margin-top: 40px !important;margin-bottom: 30px !important;}\u00a0\u00bb]<\/p>\n<h6>Utilisez ce formulaire afin de r\u00e9server une chambre pour vos vacances. S\u2019il vous pla\u00eet remplir le formulaire en anglais. Vos informations seront envoy\u00e9es et nous prendrons contact avec vous afin de compl\u00e9ter la r\u00e9servation. (Nous parlons anglais et en fran\u00e7ais)<\/h6>\n<h6>Comments or questions are welcome.<\/h6>\n<p>[\/vc_column_text][vc_raw_html css=\u00a0\u00bb.vc_custom_1751802685408{margin-top: 70px !important;}\u00a0\u00bb]JTNDZGl2JTIwY2xhc3MlM0QlMjJmb290ZXItY29udGFjdC1pbmZvJTIyJTNFJTBBJTA5JTBBJTA5JTA5JTNDaSUyMGNsYXNzJTNEJTIybWljb24lMjBpY29uLWxvY2F0aW9uJTIyJTNFJTNDJTJGaSUzRSUyMCUzQ3NwYW4lM0VQRVJJR0lBTEklMjBBcGFydG1lbnRzJTIwLSUyMEFkZHJlc3MlM0ElMjBNYWtyaWdpYWxvcyUyQyUyMExhc3NpdGhpJTJDJTIwRWFzdCUyMENyZXRlJTNDJTJGc3BhbiUzRSUzQyUyRmJyJTNFJTNDJTJGYnIlM0UlMEElMDklMDklM0NpJTIwY2xhc3MlM0QlMjJtaWNvbiUyMGljb24tcGhvbmUtMSUyMiUzRSUzQyUyRmklM0UlMjAlM0NzcGFuJTNFVGVsLiUyRkZheCUzQSUyMCUyQjMwJTIwMjg0MzAlMjAyMzg2MiUyMCUyNiUyMDUxMzMxJTNDJTJGYnIlM0UlM0MlMkZiciUzRSUwQSUzQyUyRnNwYW4lM0UlMEElMDklMDklM0NpJTIwY2xhc3MlM0QlMjJtaWNvbiUyMGljb24tcGFwZXItcGxhbmUlMjIlM0UlM0MlMkZpJTNFJTIwJTNDc3BhbiUzRXBlcmlnaWFsaS5tYWtyeXNnaWFsb3MlNDBnbWFpbC5jb20lM0MlMkZzcGFuJTNFJTNDJTJGYnIlM0UlM0MlMkZiciUzRSUwQSUwOSUwOSUzQ2klMjBjbGFzcyUzRCUyMm1pY29uJTIwaWNvbi1tb2JpbGUtMSUyMiUzRSUzQyUyRmklM0UlMjAlM0NzcGFuJTNFTW9iaWxlJTIwJTNBJTIwJTJCMzAlMjA2OTczJTIwNjY2JTIwMTE0JTNDJTJGc3BhbiUzRSUzQyUyRmJyJTNFJTNDJTJGYnIlM0UlMEElMDklMDklM0NpJTIwY2xhc3MlM0QlMjJtaWNvbiUyMGljb24tY2xvY2stMSUyMiUzRSUzQyUyRmklM0UlMjAlM0NzcGFuJTNFT3BlbiUzQSUyMEFwcmlsJTIwLSUyME9jdG9iZXIlM0MlMkZzcGFuJTNFJTBBJTA5JTBBJTNDJTJGZGl2JTNF[\/vc_raw_html][\/vc_column][vc_column width=\u00a0\u00bb2\/3&Prime; el_class=\u00a0\u00bbcol-md-8 col-sm-12&Prime;][vc_raw_html]JTNDc2NyaXB0JTIwdHlwZSUzRCUyMnRleHQlMkZqYXZhc2NyaXB0JTIyJTIwc3JjJTNEJTIyaHR0cHMlM0ElMkYlMkZmb3JtLmpvdGZvcm1ldS5jb20lMkZqc2Zvcm0lMkY3MTQ4NTc5OTE3MjM3MCUyMiUzRSUzQyUyRnNjcmlwdCUzRQ==[\/vc_raw_html][\/vc_column][\/vc_row][vc_row][vc_column]\t\t\t<div class=\"megatron-google-map \" style=\"height:535px\"\n\t\t\t\t data-location-x=\"35.036316\"\n\t\t\t\t data-location-y=\"25.971323\"\n\t\t\t\t data-layout-style=\"marker\"\n\t\t\t\t data-marker-title=\"Perigiali Apartments\"\n\t\t\t\t data-marker-icon=\"\"\n\t\t\t\t data-info-html=\"\"\n\t\t\t\t data-info-max-width=\"210\"\n\t\t\t\t data-info-bg=\"\"\n\t\t\t\t data-info-color=\"\"\n\t\t\t\t data-map-zoom=\"13\"\n\t\t\t\t data-map-style=\"gray_scale\"\n\t\t\t\t><\/div>\n\t\t\t[\/vc_column][\/vc_row]<\/p>\n<\/div>","protected":false},"excerpt":{"rendered":"<p>[vc_row layout=\u00a0\u00bbboxed\u00a0\u00bb el_class=\u00a0\u00bbmargin-bottom-0&Prime;][vc_column width=\u00a0\u00bb1\/3&Prime; el_class=\u00a0\u00bbcol-md-4 col-sm-12 sm-margin-bottom-30&Prime; css=\u00a0\u00bb.vc_custom_1496086109545{padding-top: 100px !important;}\u00a0\u00bb][vc_raw_html css=\u00a0\u00bb.vc_custom_1496329119103{margin-bottom: 40px !important;}\u00a0\u00bb]JTNDZGl2JTIwYWxpZ24lM0QlMjJjZW50ZXIlMjIlM0UlM0NhJTIwaHJlZiUzRCUyMmh0dHAlM0ElMkYlMkZ3d3cuYm9va2luZy5jb20lMkZob3RlbCUyRmdyJTJGcGVyaWdpYWxpLW1ha3J5Z2lhbG9zLmh0bWwlM0ZhaWQlM0QzMzA4NDMlMjIlM0UlM0NpbWclMjBzcmMlM0QlMjJodHRwJTNBJTJGJTJGYWZmLmJzdGF0aWMuY29tJTJGaW1hZ2VzJTJGYWZmaWxpYXRlJTJGMzMwODQzJTJGYm9va25vd19mci5naWYlMjIlMjBzdHlsZSUzRCUyMmJvcmRlciUzQSUyMDAlM0IlMjIlMjAlMkYlM0UlM0MlMkZkaXYlM0U=[\/vc_raw_html][vc_column_text css=\u00a0\u00bb.vc_custom_1496241506327{margin-top: 40px !important;margin-bottom: 30px !important;}\u00a0\u00bb] Utilisez ce formulaire afin de r\u00e9server une chambre pour vos vacances. S\u2019il vous pla\u00eet remplir le formulaire en anglais. Vos informations seront envoy\u00e9es et nous prendrons contact avec vous afin de compl\u00e9ter la r\u00e9servation. (Nous parlons anglais [&hellip;]<\/p>\n","protected":false},"author":1,"featured_media":0,"parent":0,"menu_order":0,"comment_status":"closed","ping_status":"closed","template":"","meta":{"footnotes":""},"class_list":["post-3643","page","type-page","status-publish","hentry"],"aioseo_notices":[],"_links":{"self":[{"href":"https:\/\/www.perigiali-crete.gr\/fr\/wp-json\/wp\/v2\/pages\/3643","targetHints":{"allow":["GET"]}}],"collection":[{"href":"https:\/\/www.perigiali-crete.gr\/fr\/wp-json\/wp\/v2\/pages"}],"about":[{"href":"https:\/\/www.perigiali-crete.gr\/fr\/wp-json\/wp\/v2\/types\/page"}],"author":[{"embeddable":true,"href":"https:\/\/www.perigiali-crete.gr\/fr\/wp-json\/wp\/v2\/users\/1"}],"replies":[{"embeddable":true,"href":"https:\/\/www.perigiali-crete.gr\/fr\/wp-json\/wp\/v2\/comments?post=3643"}],"version-history":[{"count":5,"href":"https:\/\/www.perigiali-crete.gr\/fr\/wp-json\/wp\/v2\/pages\/3643\/revisions"}],"predecessor-version":[{"id":4033,"href":"https:\/\/www.perigiali-crete.gr\/fr\/wp-json\/wp\/v2\/pages\/3643\/revisions\/4033"}],"wp:attachment":[{"href":"https:\/\/www.perigiali-crete.gr\/fr\/wp-json\/wp\/v2\/media?parent=3643"}],"curies":[{"name":"wp","href":"https:\/\/api.w.org\/{rel}","templated":true}]}}