{"id":3621,"date":"2015-12-21T04:13:46","date_gmt":"2015-12-21T04:13:46","guid":{"rendered":"http:\/\/2017.perigiali-crete.gr\/makrysgialos-apartments\/"},"modified":"2017-07-13T15:34:34","modified_gmt":"2017-07-13T15:34:34","slug":"makrigialos-appartements","status":"publish","type":"page","link":"https:\/\/www.perigiali-crete.gr\/fr\/makrigialos-appartements\/","title":{"rendered":"Les appartements"},"content":{"rendered":"<div class=\"wpb-content-wrapper\"><p>[vc_row layout=\u00a0\u00bbboxed\u00a0\u00bb el_class=\u00a0\u00bbmargin-bottom-10&Prime; css=\u00a0\u00bb.vc_custom_1496088885048{margin-top: 40px !important;}\u00a0\u00bb][vc_column]            <div class=\"heading color-dark size-md text-center margin-bottom-20\" >\n                                <div class=\"line-double\">\n                                                        <h2>\n                        La description                    <\/h2>\n                                    <\/div>\n                            <\/div>\n            [\/vc_column][\/vc_row][vc_row equal_height=\u00a0\u00bbyes\u00a0\u00bb parallax_style=\u00a0\u00bbnone\u00a0\u00bb parallax_scroll_effect=\u00a0\u00bbfixed\u00a0\u00bb css=\u00a0\u00bb.vc_custom_1450759970447{background-color: #eeeeee !important;}\u00a0\u00bb][vc_column width=\u00a0\u00bb1\/2&Prime; el_class=\u00a0\u00bbcol-md-6&Prime; css=\u00a0\u00bb.vc_custom_1496088151124{background-image: url(http:\/\/2017.perigiali-crete.gr\/wp-content\/uploads\/2015\/12\/home-2.jpg?id=3519) !important;background-position: center !important;background-repeat: no-repeat !important;background-size: cover !important;}\u00a0\u00bb][vc_single_image image=\u00a0\u00bb3519&Prime; img_size=\u00a0\u00bbfull\u00a0\u00bb alignment=\u00a0\u00bbcenter\u00a0\u00bb onclick=\u00a0\u00bblink_image\u00a0\u00bb css_animation=\u00a0\u00bbfadeIn\u00a0\u00bb][\/vc_column][vc_column width=\u00a0\u00bb1\/2&Prime; el_class=\u00a0\u00bbcol-md-6 col-sm-12&Prime;][vc_column_text css=\u00a0\u00bb.vc_custom_1496232333221{margin-top: 80px !important;margin-bottom: 50px !important;}\u00a0\u00bb]<\/p>\n<p style=\"padding-left: 30px;\">Les appartements <strong>PERIGIALI<\/strong> se trouvent sur la c\u00f4te sud-est de la Cr\u00e8te, devant la mer, \u00e0 quelques pas des plages et vous offrent une opportunit\u00e9 pour un s\u00e9jour in\u00e9galable.<\/p>\n<p style=\"padding-left: 30px;\">Perigiali appartements se composent de quatre appartements et un grand appartement avec deux chambres et deux salles de bains sur deux niveaux, enti\u00e8rement climatis\u00e9s, spacieux et finement d\u00e9cor\u00e9s ont tous une entr\u00e9e ind\u00e9pendante et sont compl\u00e8tement \u00e9quip\u00e9s d\u2019un am\u00e9nagement tant pratique que moderne. Chaque appartement dispose d\u2019une Tv satellite, WiFi gratuit et coffre-fort.<\/p>\n<p style=\"padding-left: 30px;\">Un coin cuisine \u00e9quip\u00e9e se trouve dans le salon-salle \u00e0 manger.<br \/>\nLes chambres sont \u00e0 deux lits ou d\u2019un grand lit double, salle de bains et toilette priv\u00e9es. Le m\u00e9nage complet est fait deux fois par semaine.<\/p>\n<p>[\/vc_column_text][\/vc_column][\/vc_row][vc_row equal_height=\u00a0\u00bbyes\u00a0\u00bb parallax_style=\u00a0\u00bbnone\u00a0\u00bb parallax_scroll_effect=\u00a0\u00bbfixed\u00a0\u00bb css=\u00a0\u00bb.vc_custom_1496087871415{background-color: #ffffff !important;}\u00a0\u00bb][vc_column width=\u00a0\u00bb1\/2&Prime; el_class=\u00a0\u00bbcol-md-6&Prime;][vc_column_text css_animation=\u00a0\u00bbfadeIn\u00a0\u00bb css=\u00a0\u00bb.vc_custom_1496232198268{margin-top: 50px !important;margin-bottom: 40px !important;}\u00a0\u00bb]<\/p>\n<p style=\"padding-left: 30px;\">A l\u2019ext\u00e9rieur des appartements, dans les espaces communs, dans le jardin fleuri. En outre, il ya un barbecue partag\u00e9 et un parking priv\u00e9.<\/p>\n<p style=\"padding-left: 30px;\">Un sentier dall\u00e9 vous emm\u00e8ne jusqu\u2019au petit port pittoresque de Makrys Gialos o\u00f9 vous pourrez go\u00fbter la merveilleuse cuisine locale dans les tavernes traditionnelles ou simplement vous d\u00e9tendre aux terrasses des caf\u00e9s.<\/p>\n<p style=\"padding-left: 30px;\">Vous trouverez aussi toutes sortes de magasins pour faire vos courses ainsi que les diff\u00e9rents services dont vous aurez besoin L\u2019endroit o\u00f9 se trouve notre domaine et le climat doux de cette r\u00e9gion, vous offrent des prestations id\u00e9ales pour les familles et tous ceux qui r\u00eavent de passer des vacances en toute tranquillit\u00e9.<\/p>\n<p style=\"padding-left: 30px;\">Contact : perigiali.makrysgialos@gmail.com (Nous parlons anglais et en fran\u00e7ais)<\/p>\n<p style=\"padding-left: 30px;\">T\u00e9l\u00e9phone : +30 (28430) 51331<\/p>\n<p>[\/vc_column_text][\/vc_column][vc_column width=\u00a0\u00bb1\/2&Prime; el_class=\u00a0\u00bbcol-md-6&Prime; css=\u00a0\u00bb.vc_custom_1499960029757{background-image: url(https:\/\/perigiali-crete.gr\/wp-content\/uploads\/2015\/12\/apartments-14&#215;14-1.jpg?id=3753) !important;background-position: center !important;background-repeat: no-repeat !important;background-size: cover !important;}\u00a0\u00bb][vc_single_image image=\u00a0\u00bb3753&Prime; img_size=\u00a0\u00bbfull\u00a0\u00bb alignment=\u00a0\u00bbcenter\u00a0\u00bb css_animation=\u00a0\u00bbfadeIn\u00a0\u00bb el_class=\u00a0\u00bbmargin-0&Prime;][\/vc_column][\/vc_row]<\/p>\n<\/div>","protected":false},"excerpt":{"rendered":"<p>[vc_row layout=\u00a0\u00bbboxed\u00a0\u00bb el_class=\u00a0\u00bbmargin-bottom-10&Prime; css=\u00a0\u00bb.vc_custom_1496088885048{margin-top: 40px !important;}\u00a0\u00bb][vc_column][\/vc_column][\/vc_row][vc_row equal_height=\u00a0\u00bbyes\u00a0\u00bb parallax_style=\u00a0\u00bbnone\u00a0\u00bb parallax_scroll_effect=\u00a0\u00bbfixed\u00a0\u00bb css=\u00a0\u00bb.vc_custom_1450759970447{background-color: #eeeeee !important;}\u00a0\u00bb][vc_column width=\u00a0\u00bb1\/2&Prime; el_class=\u00a0\u00bbcol-md-6&Prime; css=\u00a0\u00bb.vc_custom_1496088151124{background-image: url(http:\/\/2017.perigiali-crete.gr\/wp-content\/uploads\/2015\/12\/home-2.jpg?id=3519) !important;background-position: center !important;background-repeat: no-repeat !important;background-size: cover !important;}\u00a0\u00bb][vc_single_image image=\u00a0\u00bb3519&Prime; img_size=\u00a0\u00bbfull\u00a0\u00bb alignment=\u00a0\u00bbcenter\u00a0\u00bb onclick=\u00a0\u00bblink_image\u00a0\u00bb css_animation=\u00a0\u00bbfadeIn\u00a0\u00bb][\/vc_column][vc_column width=\u00a0\u00bb1\/2&Prime; el_class=\u00a0\u00bbcol-md-6 col-sm-12&Prime;][vc_column_text css=\u00a0\u00bb.vc_custom_1496232333221{margin-top: 80px !important;margin-bottom: 50px !important;}\u00a0\u00bb] Les appartements PERIGIALI se trouvent sur la c\u00f4te sud-est de la Cr\u00e8te, devant la mer, \u00e0 quelques pas des [&hellip;]<\/p>\n","protected":false},"author":1,"featured_media":0,"parent":0,"menu_order":0,"comment_status":"closed","ping_status":"closed","template":"","meta":{"footnotes":""},"class_list":["post-3621","page","type-page","status-publish","hentry"],"aioseo_notices":[],"_links":{"self":[{"href":"https:\/\/www.perigiali-crete.gr\/fr\/wp-json\/wp\/v2\/pages\/3621","targetHints":{"allow":["GET"]}}],"collection":[{"href":"https:\/\/www.perigiali-crete.gr\/fr\/wp-json\/wp\/v2\/pages"}],"about":[{"href":"https:\/\/www.perigiali-crete.gr\/fr\/wp-json\/wp\/v2\/types\/page"}],"author":[{"embeddable":true,"href":"https:\/\/www.perigiali-crete.gr\/fr\/wp-json\/wp\/v2\/users\/1"}],"replies":[{"embeddable":true,"href":"https:\/\/www.perigiali-crete.gr\/fr\/wp-json\/wp\/v2\/comments?post=3621"}],"version-history":[{"count":5,"href":"https:\/\/www.perigiali-crete.gr\/fr\/wp-json\/wp\/v2\/pages\/3621\/revisions"}],"predecessor-version":[{"id":3755,"href":"https:\/\/www.perigiali-crete.gr\/fr\/wp-json\/wp\/v2\/pages\/3621\/revisions\/3755"}],"wp:attachment":[{"href":"https:\/\/www.perigiali-crete.gr\/fr\/wp-json\/wp\/v2\/media?parent=3621"}],"curies":[{"name":"wp","href":"https:\/\/api.w.org\/{rel}","templated":true}]}}