{"id":3604,"date":"2015-12-21T03:50:12","date_gmt":"2015-12-21T03:50:12","guid":{"rendered":"http:\/\/2017.perigiali-crete.gr\/home\/"},"modified":"2023-04-03T16:20:54","modified_gmt":"2023-04-03T16:20:54","slug":"home","status":"publish","type":"page","link":"https:\/\/www.perigiali-crete.gr\/fr\/","title":{"rendered":"Accueil"},"content":{"rendered":"<div class=\"wpb-content-wrapper\"><p>[vc_row][vc_column][rev_slider_vc alias=\u00a0\u00bbfitness\u00a0\u00bb][\/vc_column][\/vc_row][vc_row overlay_set=\u00a0\u00bbshow_overlay_color\u00a0\u00bb el_class=\u00a0\u00bbmargin-bottom-30&Prime;][vc_column]            <div class=\"call-action style1 p-color-bg short  wpb_animate_when_almost_visible g5plus-css-animation wpb_fadeIn\" >\n                <div class=\"container\">\n                                        <h4>R\u00e9servez maintenant et vous contactera directement!<\/h4>\n                                        <a class=\"m-button m-button-xs m-button-light m-button-bordered\" href=\"http:\/\/www.perigiali-crete.gr\/fr\/makrigialos-studios\/\"\n                       target=\"_self\">RESERVATION - QUESTIONS                    <\/a>\n                <\/div>\n            <\/div>\n            [\/vc_column][\/vc_row][vc_row layout=\u00a0\u00bbboxed\u00a0\u00bb el_class=\u00a0\u00bbmargin-bottom-30 column-equal-height\u00a0\u00bb][vc_column width=\u00a0\u00bb1\/3&Prime; el_class=\u00a0\u00bbcol-md-4 col-sm-6 xs-margin-bottom-30&Prime;]\t\t\t<div class=\"iconbox icon-box-circle margin-bottom-50 top-inline color-dark\" >\n                <div class=\"icon-box-shape\">\n                    <a title=\"\" target=\"_self\" href=\"\/fr\/makrigialos-appartements\/\">\n                                                        <i class=\"micon icon-water\"><\/i>\n                                                <\/a>\n                <\/div>\n                                    <h3><a title=\"\" target=\"_self\" href=\"\/fr\/makrigialos-appartements\/\">APPARTEMENTS AVANT DE LA PLAGE<\/a><\/h3>\n                                <p>Les appartements Perigiali se trouvent \u00e0 seulement 50 m\u00e8tres de la mer et la tranquillit\u00e9 du paysage offre une d\u00e9tente et une tranquillit\u00e9 \u00e0 l'h\u00f4te.<\/p>\n                \t\t\t<\/div>\n            [\/vc_column][vc_column width=\u00a0\u00bb1\/3&Prime; el_class=\u00a0\u00bbcol-md-4 col-sm-6 xs-margin-bottom-30&Prime;]\t\t\t<div class=\"iconbox icon-box-circle margin-bottom-50 top-inline color-dark\" >\n                <div class=\"icon-box-shape\">\n                    <a title=\"\" target=\"_self\" href=\"\/fr\/makrigialos-appartements\/\">\n                                                        <i class=\"micon icon-185066-picture-streamline\"><\/i>\n                                                <\/a>\n                <\/div>\n                                    <h3><a title=\"\" target=\"_self\" href=\"\/fr\/makrigialos-appartements\/\">ENVIRONNEMENT AMICAL<\/a><\/h3>\n                                <p>Les appartements Perigiali offrent un cadre convivial pour vos vacances au sud-est de la Cr\u00e8te. Ils sont adapt\u00e9s aux vacances en famille et \u00e0 ceux qui souhaitent passer des vacances abordables mais confortables et inoubliables.<\/p>\n                \t\t\t<\/div>\n            [\/vc_column][vc_column width=\u00a0\u00bb1\/3&Prime; el_class=\u00a0\u00bbcol-md-4 col-sm-6 xs-margin-bottom-30&Prime;]\t\t\t<div class=\"iconbox icon-box-circle margin-bottom-50 top-inline color-dark\" >\n                <div class=\"icon-box-shape\">\n                    <a title=\"\" target=\"_self\" href=\"\/fr\/southeastcrete-apts\/\">\n                                                        <i class=\"micon icon-185080-bubble-love-streamline-talk\"><\/i>\n                                                <\/a>\n                <\/div>\n                                    <h3><a title=\"\" target=\"_self\" href=\"\/fr\/southeastcrete-apts\/\">MAKRIGIALOS<\/a><\/h3>\n                                <p>Les appartements Perigiali sont extr\u00eamement bien situ\u00e9s pour un acc\u00e8s facile au beau village de Makrigialos et \u00e0 ses plages c\u00e9l\u00e8bres<\/p>\n                \t\t\t<\/div>\n            [\/vc_column][\/vc_row][vc_row el_class=\u00a0\u00bbno-padding-vc\u00a0\u00bb][vc_column width=\u00a0\u00bb1\/3&Prime; el_class=\u00a0\u00bbcol-md-4 col-sm-6 col-xs-12&Prime;]            <div class=\"banner style3 \" >\n                <div class=\"overflow-hidden\">\n                    <div class=\"banner-bg-img icon-light banner-bg-dark\" style=\"height:316px;\">\n                                                                                        <i class=\"micon icon-anchor\"><\/i>\n                                                    <\/div>\n                <\/div>\n                <div class=\"overlay-banner banner-bg-dark\">\n                    <a class= \"link-banner\" title=\"\" target=\"_self\" href=\"\/fr\/makrigialos-appartements\/\">\n                        <div class=\"content-middle\">\n                            <div class=\"content-middle-inner\">\n                                <div class=\"content-banner\">\n                                                                            <span class=\"sub-title\">Pratique et facile<\/span>\n                                                                            <h4>PERIGIALI APARTMENTS<\/h4>\n                                                                            <p>Les appartements \u00e0 louer Perigiali sont situ\u00e9s \u00e0 l'ouest du port pittoresque de Makri gialos pr\u00e8s de la belle plage de Kalamoukanias.<\/p>\n                                                                    <\/div>\n                            <\/div>\n                        <\/div>\n                    <\/a>\n                <\/div>\n            <\/div>\n            [\/vc_column][vc_column width=\u00a0\u00bb1\/3&Prime;]            <div class=\"banner style3 \" >\n                <div class=\"overflow-hidden\">\n                    <div class=\"banner-bg-img icon-light s-color-bg\" style=\"height:316px;\">\n                                                                                        <i class=\"micon icon-map-pin\"><\/i>\n                                                    <\/div>\n                <\/div>\n                <div class=\"overlay-banner s-color-bg\">\n                    <a class= \"link-banner\" title=\"\" target=\"_self\" href=\"\/fr\/apts-facilities\/\">\n                        <div class=\"content-middle\">\n                            <div class=\"content-middle-inner\">\n                                <div class=\"content-banner\">\n                                                                            <span class=\"sub-title\">Votre destination de vacances<\/span>\n                                                                            <h4>DESTINATION ID\u00c9ALE<\/h4>\n                                                                            <p>Les appartements Perigiali sont une destination de vacances id\u00e9ale pour les familles et les personnes \u00e2g\u00e9es qui recherchent le calme et veulent profiter de la vue magnifique sur la mer de Liviko et le magnifique coucher de soleil.<\/p>\n                                                                    <\/div>\n                            <\/div>\n                        <\/div>\n                    <\/a>\n                <\/div>\n            <\/div>\n            [\/vc_column][vc_column width=\u00a0\u00bb1\/3&Prime;]            <div class=\"banner style3 \" >\n                <div class=\"overflow-hidden\">\n                    <div class=\"banner-bg-img icon-dark banner-bg-light\" style=\"height:316px;\">\n                                                                                        <i class=\"micon icon-185038-home-house-streamline\"><\/i>\n                                                    <\/div>\n                <\/div>\n                <div class=\"overlay-banner banner-bg-light\">\n                    <a class= \"link-banner\" title=\"\" target=\"_self\" href=\"\/fr\/southeastcrete-apts\/\">\n                        <div class=\"content-middle\">\n                            <div class=\"content-middle-inner\">\n                                <div class=\"content-banner\">\n                                                                            <span class=\"sub-title\">Attraction pour les touristes<\/span>\n                                                                            <h4>GRANDES AVIS POUR MAKRIGIALOS<\/h4>\n                                                                            <p>Aujourd'hui, Makrigialos Village est une attraction pour les touristes du monde entier, y compris les Grecs eux-m\u00eames qui choisissent Makrigialos pour leurs vacances d'\u00e9t\u00e9.<\/p>\n                                                                    <\/div>\n                            <\/div>\n                        <\/div>\n                    <\/a>\n                <\/div>\n            <\/div>\n            [\/vc_column][\/vc_row][vc_row equal_height=\u00a0\u00bbyes\u00a0\u00bb parallax_style=\u00a0\u00bbnone\u00a0\u00bb parallax_scroll_effect=\u00a0\u00bbfixed\u00a0\u00bb el_class=\u00a0\u00bbmargin-bottom-0&Prime; css=\u00a0\u00bb.vc_custom_1496058611298{background-color: #eeeeee !important;}\u00a0\u00bb][vc_column width=\u00a0\u00bb1\/2&Prime; el_class=\u00a0\u00bbcol-md-6&Prime; css=\u00a0\u00bb.vc_custom_1499954291015{background-image: url(https:\/\/perigiali-crete.gr\/wp-content\/uploads\/2017\/07\/home-14&#215;14-1.jpg?id=3732) !important;background-position: center !important;background-repeat: no-repeat !important;background-size: cover !important;}\u00a0\u00bb][\/vc_column][vc_column width=\u00a0\u00bb1\/2&Prime; el_class=\u00a0\u00bbcol-md-6 col-sm-12&Prime;]            <div class=\"heading color-dark size-sm text-center margin-bottom-40 padding-top-40\" >\n                                <div class=\"line-double\">\n                                                        <h2>\n                        LES CLIENTS AIMENT NOS APPARTEMENTS!                    <\/h2>\n                                        <span>\n                        Perigiali apartments                    <\/span>\n                                    <\/div>\n                            <\/div>\n            [vc_column_text]Les appartements <strong>PERIGIALI<\/strong> se trouvent sur la c\u00f4te sud-est de la Cr\u00e8te, devant la mer, \u00e0 quelques pas des plages et vous offrent une opportunit\u00e9 pour un s\u00e9jour in\u00e9galable.[\/vc_column_text][vc_single_image image=\u00a0\u00bb3786&Prime; img_size=\u00a0\u00bblarge\u00a0\u00bb alignment=\u00a0\u00bbcenter\u00a0\u00bb style=\u00a0\u00bbvc_box_shadow\u00a0\u00bb onclick=\u00a0\u00bblink_image\u00a0\u00bb css_animation=\u00a0\u00bbfadeIn\u00a0\u00bb css=\u00a0\u00bb.vc_custom_1522076716891{margin-top: 20px !important;}\u00a0\u00bb][\/vc_column][\/vc_row][vc_row][vc_column][vc_empty_space height=\u00a0\u00bb20px\u00a0\u00bb][vc_gmaps link=\u00a0\u00bb#E-8_JTNDaWZyYW1lJTIwc3JjJTNEJTIyaHR0cHMlM0ElMkYlMkZ3d3cuZ29vZ2xlLmNvbSUyRm1hcHMlMkZlbWJlZCUzRnBiJTNEJTIxMW0xOCUyMTFtMTIlMjExbTMlMjExZDE4NzkuODc1MzY4MzIzNTg4NiUyMTJkMjUuOTcwMTY1NTczODk1NzQlMjEzZDM1LjAzNjIyMjg4MzU5NTczNCUyMTJtMyUyMTFmMCUyMTJmMCUyMTNmMCUyMTNtMiUyMTFpMTAyNCUyMTJpNzY4JTIxNGYxMy4xJTIxM20zJTIxMW0yJTIxMXMweDE0OTA2MWJkZjdiMTk0NDUlMjUzQTB4Njc5NzhiNjVlN2ZiM2RhYiUyMTJzUGVyaWdpYWxpJTI1MjBBcGFydG1lbnRzJTIxNWUxJTIxM20yJTIxMXNlbiUyMTJzZ3IlMjE0djE2ODA1Mzg1NDMyNDclMjE1bTIlMjExc2VuJTIxMnNnciUyMiUyMHdpZHRoJTNEJTIyMTAwJTI1JTIyJTIwaGVpZ2h0JTNEJTIyNDUwJTIyJTIwc3R5bGUlM0QlMjJib3JkZXIlM0EwJTNCJTIyJTIwYWxsb3dmdWxsc2NyZWVuJTNEJTIyJTIyJTIwbG9hZGluZyUzRCUyMmxhenklMjIlMjByZWZlcnJlcnBvbGljeSUzRCUyMm5vLXJlZmVycmVyLXdoZW4tZG93bmdyYWRlJTIyJTNFJTNDJTJGaWZyYW1lJTNF\u00a0\u00bb][\/vc_column][\/vc_row]<\/p>\n<\/div>","protected":false},"excerpt":{"rendered":"<p>[vc_row][vc_column][rev_slider_vc alias=\u00a0\u00bbfitness\u00a0\u00bb][\/vc_column][\/vc_row][vc_row overlay_set=\u00a0\u00bbshow_overlay_color\u00a0\u00bb el_class=\u00a0\u00bbmargin-bottom-30&Prime;][vc_column][\/vc_column][\/vc_row][vc_row layout=\u00a0\u00bbboxed\u00a0\u00bb el_class=\u00a0\u00bbmargin-bottom-30 column-equal-height\u00a0\u00bb][vc_column width=\u00a0\u00bb1\/3&Prime; el_class=\u00a0\u00bbcol-md-4 col-sm-6 xs-margin-bottom-30&Prime;][\/vc_column][vc_column width=\u00a0\u00bb1\/3&Prime; el_class=\u00a0\u00bbcol-md-4 col-sm-6 xs-margin-bottom-30&Prime;][\/vc_column][vc_column width=\u00a0\u00bb1\/3&Prime; el_class=\u00a0\u00bbcol-md-4 col-sm-6 xs-margin-bottom-30&Prime;][\/vc_column][\/vc_row][vc_row el_class=\u00a0\u00bbno-padding-vc\u00a0\u00bb][vc_column width=\u00a0\u00bb1\/3&Prime; el_class=\u00a0\u00bbcol-md-4 col-sm-6 col-xs-12&Prime;][\/vc_column][vc_column width=\u00a0\u00bb1\/3&Prime;][\/vc_column][vc_column width=\u00a0\u00bb1\/3&Prime;][\/vc_column][\/vc_row][vc_row equal_height=\u00a0\u00bbyes\u00a0\u00bb parallax_style=\u00a0\u00bbnone\u00a0\u00bb parallax_scroll_effect=\u00a0\u00bbfixed\u00a0\u00bb el_class=\u00a0\u00bbmargin-bottom-0&Prime; css=\u00a0\u00bb.vc_custom_1496058611298{background-color: #eeeeee !important;}\u00a0\u00bb][vc_column width=\u00a0\u00bb1\/2&Prime; el_class=\u00a0\u00bbcol-md-6&Prime; css=\u00a0\u00bb.vc_custom_1499954291015{background-image: url(https:\/\/perigiali-crete.gr\/wp-content\/uploads\/2017\/07\/home-14&#215;14-1.jpg?id=3732) !important;background-position: center !important;background-repeat: no-repeat !important;background-size: cover !important;}\u00a0\u00bb][\/vc_column][vc_column width=\u00a0\u00bb1\/2&Prime; el_class=\u00a0\u00bbcol-md-6 col-sm-12&Prime;][vc_column_text]Les appartements PERIGIALI se trouvent sur la c\u00f4te sud-est [&hellip;]<\/p>\n","protected":false},"author":1,"featured_media":0,"parent":0,"menu_order":0,"comment_status":"closed","ping_status":"closed","template":"","meta":{"footnotes":""},"class_list":["post-3604","page","type-page","status-publish","hentry"],"aioseo_notices":[],"_links":{"self":[{"href":"https:\/\/www.perigiali-crete.gr\/fr\/wp-json\/wp\/v2\/pages\/3604","targetHints":{"allow":["GET"]}}],"collection":[{"href":"https:\/\/www.perigiali-crete.gr\/fr\/wp-json\/wp\/v2\/pages"}],"about":[{"href":"https:\/\/www.perigiali-crete.gr\/fr\/wp-json\/wp\/v2\/types\/page"}],"author":[{"embeddable":true,"href":"https:\/\/www.perigiali-crete.gr\/fr\/wp-json\/wp\/v2\/users\/1"}],"replies":[{"embeddable":true,"href":"https:\/\/www.perigiali-crete.gr\/fr\/wp-json\/wp\/v2\/comments?post=3604"}],"version-history":[{"count":10,"href":"https:\/\/www.perigiali-crete.gr\/fr\/wp-json\/wp\/v2\/pages\/3604\/revisions"}],"predecessor-version":[{"id":3808,"href":"https:\/\/www.perigiali-crete.gr\/fr\/wp-json\/wp\/v2\/pages\/3604\/revisions\/3808"}],"wp:attachment":[{"href":"https:\/\/www.perigiali-crete.gr\/fr\/wp-json\/wp\/v2\/media?parent=3604"}],"curies":[{"name":"wp","href":"https:\/\/api.w.org\/{rel}","templated":true}]}}