{"id":3637,"date":"2017-05-29T20:35:27","date_gmt":"2017-05-29T20:35:27","guid":{"rendered":"http:\/\/2017.perigiali-crete.gr\/makrigialos-apartments\/"},"modified":"2026-02-03T20:21:27","modified_gmt":"2026-02-03T20:21:27","slug":"makrigialos-ostkreta","status":"publish","type":"page","link":"https:\/\/www.perigiali-crete.gr\/de\/makrigialos-ostkreta\/","title":{"rendered":"Makrigialos"},"content":{"rendered":"<div class=\"wpb-content-wrapper\"><p>[vc_row layout=&#8220;boxed&#8220; el_class=&#8220;margin-bottom-10&#8243; css=&#8220;.vc_custom_1496088885048{margin-top: 40px !important;}&#8220;][vc_column]            <div class=\"heading color-dark size-md text-center margin-bottom-20\" >\n                                <div class=\"line-double\">\n                                                        <h2>\n                        \u00dcber unser Dorf                    <\/h2>\n                                    <\/div>\n                            <\/div>\n            [\/vc_column][\/vc_row][vc_row equal_height=&#8220;yes&#8220; parallax_style=&#8220;none&#8220; parallax_scroll_effect=&#8220;fixed&#8220; css=&#8220;.vc_custom_1450759970447{background-color: #eeeeee !important;}&#8220;][vc_column width=&#8220;1\/2&#8243; el_class=&#8220;col-md-6&#8243; css=&#8220;.vc_custom_1496090003413{background-image: url(http:\/\/2017.perigiali-crete.gr\/wp-content\/uploads\/2017\/05\/makrigialos-home-1.jpg?id=3529) !important;background-position: center !important;background-repeat: no-repeat !important;background-size: cover !important;}&#8220;][vc_empty_space height=&#8220;100px&#8220;][vc_single_image image=&#8220;3963&#8243; img_size=&#8220;full&#8220; alignment=&#8220;center&#8220; style=&#8220;vc_box_shadow_3d&#8220; css_animation=&#8220;fadeIn&#8220; css=&#8220;&#8220;][\/vc_column][vc_column width=&#8220;1\/2&#8243; el_class=&#8220;col-md-6 col-sm-12&#8243;][vc_column_text css=&#8220;.vc_custom_1496240676471{margin-top: 40px !important;margin-bottom: 40px !important;}&#8220;]<\/p>\n<p style=\"padding-left: 30px;\">Der Name schon \u201e<strong>Makrys Gialos<\/strong>\u201c, welches \u00fcbersetzt \u201elanger Strand\u201c bedeutet, l\u00e4sst den Besucher eine lange K\u00fcstenlinie erwarten, saubere Str\u00e4nde und kristallklares Meerwasser. Ein Ort mit reicher Tradition, der den Geist, die Sitten und die Br\u00e4uche dieser Region in sich birgt und eine geschichtstr\u00e4chtige kulturelle Identit\u00e4t aufweist, die bis heute bewahrt wird.<\/p>\n<p style=\"padding-left: 30px;\">Die Gemeinde Makrys Gialos beinhaltet die Regionen Aghios Stefanos, Lithines, Oreino, Perivolakia, Pefki, Stavrochori, Schinokapsala, Chrysopigi und die K\u00fcstensiedlungen Makrys Gialos, Lagadas, Aghios Panteleimonas, Kalo Nero und Achlion mit zahlreichen Str\u00e4nden und malerischen Tavernen die mit traditionellen kretischen Spezialit\u00e4ten und frischen Meeresfr\u00fcchten die Tausende von Besuchern, welche jedes Jahr diese Regionen aufsuchen, verw\u00f6hnen.<\/p>\n<p style=\"padding-left: 30px;\">Die Einwohner besch\u00e4ftigen sich haupts\u00e4chlich mit der Landwirtschaft und dem Tourismus.\u00a0 Die gesamte Region ist f\u00fcr das hochqualitative Oliven\u00f6l und die exzellenten landwirtschaftlichen Produkte bekannt.<\/p>\n<p>[\/vc_column_text][\/vc_column][\/vc_row][vc_row equal_height=&#8220;yes&#8220; parallax_style=&#8220;none&#8220; parallax_scroll_effect=&#8220;fixed&#8220; css=&#8220;.vc_custom_1496087871415{background-color: #ffffff !important;}&#8220;][vc_column width=&#8220;1\/2&#8243; el_class=&#8220;col-md-6 col-sm-12&#8243;][vc_column_text css=&#8220;.vc_custom_1496240663890{margin-top: 10px !important;margin-bottom: 10px !important;}&#8220;]<\/p>\n<p style=\"padding-left: 30px;\">Die Gemeinde Makrys Gialos grenzt an folgende Gemeinden an:<br \/>\nN\u00f6rdlich liegt die Gemeinde Sitia und s\u00fcdlich, entlang der K\u00fcste, das Lybischen Meer<br \/>\n\u00d6stlich liegt die Gemeinde Lefki<br \/>\nWestlich liegt die Gemeinde Ierapetra<\/p>\n<p style=\"padding-left: 30px;\">Die Gemeinde Makrys Gialos befindet sich in einer der sch\u00f6nsten Ecken Europas mit dem \u00fcberw\u00e4ltigenden Vorteil dass hier das ideale Klima mit einer Atem raubenden landschaftlichen Sch\u00f6nheit kombiniert wird, die diese Umgebung mit Berglandschaften und dem Meer zu bieten vermag.<\/p>\n<p style=\"padding-left: 30px;\">Die wundersch\u00f6nen, teils abgelegenen, teils organisierten Str\u00e4nde mit den kristallklaren Gew\u00e4ssern bieten sich einerseits f\u00fcr die idyllische Privatsph\u00e4re und andrerseits f\u00fcr ein kosmopolitisches Ambiente an.<\/p>\n<p style=\"padding-left: 30px;\">Karge Bergh\u00e4nge, Pinienw\u00e4lder, tiefe Schluchten, H\u00f6hlen und Felsen, durch Wind und Regen korrodiert, leuchtende Farben; diese \u00fcberw\u00e4ltigende Kombination vermittelt Ehrfurcht vor den unwiderstehlichen Kr\u00e4ften der Erde.<\/p>\n<p style=\"padding-left: 30px;\">In dieser Region dominiert die strahlende Sonne, die mit ihrem Glanz die Sinne der Besucher verzaubert. Herzliche Gastfreundschaft und ein sonniges Gem\u00fct ist das charakteristische Merkmal der Einwohner.\u00a0 Eine Reise zum s\u00fcdlichsten Teil Europas nach Makrys Gialos ist ein einmaliges Erlebnis der Emotionen und eine Erfahrung gleich einem Liebesspiel wo alle Elemente der Natur beitragen: Die Erde, das Meer, die Luft und die Sonne.<\/p>\n<p>[\/vc_column_text][\/vc_column][vc_column width=&#8220;1\/2&#8243; el_class=&#8220;col-md-6&#8243; css=&#8220;.vc_custom_1496090042133{background-image: url(http:\/\/2017.perigiali-crete.gr\/wp-content\/uploads\/2017\/05\/makrigialos-home-2.jpg?id=3530) !important;background-position: center !important;background-repeat: no-repeat !important;background-size: cover !important;}&#8220;][vc_empty_space height=&#8220;100px&#8220;][vc_single_image image=&#8220;3966&#8243; img_size=&#8220;full&#8220; alignment=&#8220;center&#8220; style=&#8220;vc_box_shadow_3d&#8220; css_animation=&#8220;fadeIn&#8220; css=&#8220;&#8220;][\/vc_column][\/vc_row][vc_row layout=&#8220;boxed&#8220;][vc_column][vc_gallery type=&#8220;image_grid&#8220; images=&#8220;3534,3535,3536,3537,3538,3539,3540,3541,3542,3543&#8243; img_size=&#8220;370&#215;246&#8243; el_class=&#8220;megatron_image_gallery1&#8243;][\/vc_column][\/vc_row]<\/p>\n<\/div>","protected":false},"excerpt":{"rendered":"<p>[vc_row layout=&#8220;boxed&#8220; el_class=&#8220;margin-bottom-10&#8243; css=&#8220;.vc_custom_1496088885048{margin-top: 40px !important;}&#8220;][vc_column][\/vc_column][\/vc_row][vc_row equal_height=&#8220;yes&#8220; parallax_style=&#8220;none&#8220; parallax_scroll_effect=&#8220;fixed&#8220; css=&#8220;.vc_custom_1450759970447{background-color: #eeeeee !important;}&#8220;][vc_column width=&#8220;1\/2&#8243; el_class=&#8220;col-md-6&#8243; css=&#8220;.vc_custom_1496090003413{background-image: url(http:\/\/2017.perigiali-crete.gr\/wp-content\/uploads\/2017\/05\/makrigialos-home-1.jpg?id=3529) !important;background-position: center !important;background-repeat: no-repeat !important;background-size: cover !important;}&#8220;][vc_empty_space height=&#8220;100px&#8220;][vc_single_image image=&#8220;3963&#8243; img_size=&#8220;full&#8220; alignment=&#8220;center&#8220; style=&#8220;vc_box_shadow_3d&#8220; css_animation=&#8220;fadeIn&#8220; css=&#8220;&#8220;][\/vc_column][vc_column width=&#8220;1\/2&#8243; el_class=&#8220;col-md-6 col-sm-12&#8243;][vc_column_text css=&#8220;.vc_custom_1496240676471{margin-top: 40px !important;margin-bottom: 40px !important;}&#8220;] Der Name schon \u201eMakrys Gialos\u201c, welches \u00fcbersetzt \u201elanger Strand\u201c bedeutet, l\u00e4sst den Besucher eine lange K\u00fcstenlinie erwarten, [&hellip;]<\/p>\n","protected":false},"author":1,"featured_media":0,"parent":0,"menu_order":0,"comment_status":"closed","ping_status":"closed","template":"","meta":{"footnotes":""},"class_list":["post-3637","page","type-page","status-publish","hentry"],"aioseo_notices":[],"_links":{"self":[{"href":"https:\/\/www.perigiali-crete.gr\/de\/wp-json\/wp\/v2\/pages\/3637","targetHints":{"allow":["GET"]}}],"collection":[{"href":"https:\/\/www.perigiali-crete.gr\/de\/wp-json\/wp\/v2\/pages"}],"about":[{"href":"https:\/\/www.perigiali-crete.gr\/de\/wp-json\/wp\/v2\/types\/page"}],"author":[{"embeddable":true,"href":"https:\/\/www.perigiali-crete.gr\/de\/wp-json\/wp\/v2\/users\/1"}],"replies":[{"embeddable":true,"href":"https:\/\/www.perigiali-crete.gr\/de\/wp-json\/wp\/v2\/comments?post=3637"}],"version-history":[{"count":3,"href":"https:\/\/www.perigiali-crete.gr\/de\/wp-json\/wp\/v2\/pages\/3637\/revisions"}],"predecessor-version":[{"id":4040,"href":"https:\/\/www.perigiali-crete.gr\/de\/wp-json\/wp\/v2\/pages\/3637\/revisions\/4040"}],"wp:attachment":[{"href":"https:\/\/www.perigiali-crete.gr\/de\/wp-json\/wp\/v2\/media?parent=3637"}],"curies":[{"name":"wp","href":"https:\/\/api.w.org\/{rel}","templated":true}]}}