{"id":3625,"date":"2015-12-21T04:13:46","date_gmt":"2015-12-21T04:13:46","guid":{"rendered":"http:\/\/2017.perigiali-crete.gr\/makrysgialos-apartments\/"},"modified":"2017-07-13T15:37:07","modified_gmt":"2017-07-13T15:37:07","slug":"makrigialos-wohnungen","status":"publish","type":"page","link":"https:\/\/www.perigiali-crete.gr\/de\/makrigialos-wohnungen\/","title":{"rendered":"Die Wohnungen"},"content":{"rendered":"<div class=\"wpb-content-wrapper\"><p>[vc_row layout=&#8220;boxed&#8220; el_class=&#8220;margin-bottom-10&#8243; css=&#8220;.vc_custom_1496088885048{margin-top: 40px !important;}&#8220;][vc_column]            <div class=\"heading color-dark size-md text-center margin-bottom-20\" >\n                                <div class=\"line-double\">\n                                                        <h2>\n                        Beschreibung                    <\/h2>\n                                    <\/div>\n                            <\/div>\n            [\/vc_column][\/vc_row][vc_row equal_height=&#8220;yes&#8220; parallax_style=&#8220;none&#8220; parallax_scroll_effect=&#8220;fixed&#8220; css=&#8220;.vc_custom_1450759970447{background-color: #eeeeee !important;}&#8220;][vc_column width=&#8220;1\/2&#8243; el_class=&#8220;col-md-6&#8243; css=&#8220;.vc_custom_1496088151124{background-image: url(http:\/\/2017.perigiali-crete.gr\/wp-content\/uploads\/2015\/12\/home-2.jpg?id=3519) !important;background-position: center !important;background-repeat: no-repeat !important;background-size: cover !important;}&#8220;][vc_single_image image=&#8220;3519&#8243; img_size=&#8220;full&#8220; alignment=&#8220;center&#8220; onclick=&#8220;link_image&#8220; css_animation=&#8220;fadeIn&#8220;][\/vc_column][vc_column width=&#8220;1\/2&#8243; el_class=&#8220;col-md-6 col-sm-12&#8243;][vc_column_text css=&#8220;.vc_custom_1496232684205{margin-top: 110px !important;margin-bottom: 70px !important;}&#8220;]<\/p>\n<p style=\"padding-left: 60px;\">Westlich und nicht weit von dem kleinen \u201cMakrys Gialos\u201d Hafen dehnt der sch\u00f6ne Strand \u201cKalamukania\u201d aus. Da befinden sich die Wohnungen \u201c<strong>Perigiali<\/strong>\u201d.<\/p>\n<p style=\"padding-left: 60px;\">Die sch\u00f6ne Lage, 50 Meter vom Meer entfernt und die ruhige Umgebung garantieren entspannende Ferien.<\/p>\n<p style=\"padding-left: 60px;\">Perigiali Apartments bestehen aus vier Wohnungen und eine gro\u00dfe Wohnung mit zwei Schlafzimmern und zwei B\u00e4dern auf zwei Ebenen. Sie sind im Erdgescho\u00df eines sehr sch\u00f6nen Geb\u00e4udes, sie haben eigene Eing\u00e4nge und eigenen gefliesten Hof. Da befindet sich auch ein fantastischer Garten, mit Blumen und B\u00e4ume mit einem wundersch\u00f6nen Blick auf das Meer.<\/p>\n<p>[\/vc_column_text][\/vc_column][\/vc_row][vc_row equal_height=&#8220;yes&#8220; parallax_style=&#8220;none&#8220; parallax_scroll_effect=&#8220;fixed&#8220; css=&#8220;.vc_custom_1496087871415{background-color: #ffffff !important;}&#8220;][vc_column width=&#8220;1\/2&#8243; el_class=&#8220;col-md-6&#8243;][vc_column_text css_animation=&#8220;fadeIn&#8220; css=&#8220;.vc_custom_1496232663840{margin-top: 70px !important;margin-bottom: 10px !important;}&#8220;]<\/p>\n<p style=\"padding-left: 60px;\">Im Wohnzimmer gibt es eine K\u00fcche mit allen notwendigen, mit Sandwichtoaster, K\u00fchlschrank und einem Sofa, das zu Bett werden kann. Das Schlafzimmer hat zwei Betten oder ein Doppelbett.<\/p>\n<p style=\"padding-left: 60px;\">Alle Wohnungen haben Klimaanlage, Satelliten-Fernseher, frei-Internet, Geldschrank, warmes Wasser rund um die Uhr und Sauberkeit zweimal in der Woche. Auch gibt es einen gemeinsamen Grillplatz (barbecue) und einen privaten Parkplatz.<\/p>\n<p style=\"padding-left: 60px;\">Ein malerischer K\u00fcsten-Fu\u00dfg\u00e4ngerzone f\u00fchrt die Besucher zum malerischen Hafen von Makrys Gialos. Da befinden sich zwei traditionelle Kneipen, Caf\u0115s, Superm\u00e4rkte und alle Amte von Makrys Gialos.<\/p>\n<p style=\"padding-left: 60px;\">Es ist der ideale Ort f\u00fcr Familien und alte Menschen f\u00fcr ruhige Ferien mit wundersch\u00f6nem Blick auf lybisches Meer und tollen Sonnenunterg\u00e4nge.<\/p>\n<p>[\/vc_column_text][\/vc_column][vc_column width=&#8220;1\/2&#8243; el_class=&#8220;col-md-6&#8243; css=&#8220;.vc_custom_1499960169981{background-image: url(https:\/\/perigiali-crete.gr\/wp-content\/uploads\/2015\/12\/apartments-14&#215;14-1.jpg?id=3753) !important;background-position: center !important;background-repeat: no-repeat !important;background-size: cover !important;}&#8220;][vc_single_image image=&#8220;3753&#8243; img_size=&#8220;full&#8220; alignment=&#8220;center&#8220; css_animation=&#8220;fadeIn&#8220; el_class=&#8220;margin-0&#8243;][\/vc_column][\/vc_row]<\/p>\n<\/div>","protected":false},"excerpt":{"rendered":"<p>[vc_row layout=&#8220;boxed&#8220; el_class=&#8220;margin-bottom-10&#8243; css=&#8220;.vc_custom_1496088885048{margin-top: 40px !important;}&#8220;][vc_column][\/vc_column][\/vc_row][vc_row equal_height=&#8220;yes&#8220; parallax_style=&#8220;none&#8220; parallax_scroll_effect=&#8220;fixed&#8220; css=&#8220;.vc_custom_1450759970447{background-color: #eeeeee !important;}&#8220;][vc_column width=&#8220;1\/2&#8243; el_class=&#8220;col-md-6&#8243; css=&#8220;.vc_custom_1496088151124{background-image: url(http:\/\/2017.perigiali-crete.gr\/wp-content\/uploads\/2015\/12\/home-2.jpg?id=3519) !important;background-position: center !important;background-repeat: no-repeat !important;background-size: cover !important;}&#8220;][vc_single_image image=&#8220;3519&#8243; img_size=&#8220;full&#8220; alignment=&#8220;center&#8220; onclick=&#8220;link_image&#8220; css_animation=&#8220;fadeIn&#8220;][\/vc_column][vc_column width=&#8220;1\/2&#8243; el_class=&#8220;col-md-6 col-sm-12&#8243;][vc_column_text css=&#8220;.vc_custom_1496232684205{margin-top: 110px !important;margin-bottom: 70px !important;}&#8220;] Westlich und nicht weit von dem kleinen \u201cMakrys Gialos\u201d Hafen dehnt der sch\u00f6ne Strand \u201cKalamukania\u201d aus. Da befinden sich [&hellip;]<\/p>\n","protected":false},"author":1,"featured_media":0,"parent":0,"menu_order":0,"comment_status":"closed","ping_status":"closed","template":"","meta":{"footnotes":""},"class_list":["post-3625","page","type-page","status-publish","hentry"],"aioseo_notices":[],"_links":{"self":[{"href":"https:\/\/www.perigiali-crete.gr\/de\/wp-json\/wp\/v2\/pages\/3625","targetHints":{"allow":["GET"]}}],"collection":[{"href":"https:\/\/www.perigiali-crete.gr\/de\/wp-json\/wp\/v2\/pages"}],"about":[{"href":"https:\/\/www.perigiali-crete.gr\/de\/wp-json\/wp\/v2\/types\/page"}],"author":[{"embeddable":true,"href":"https:\/\/www.perigiali-crete.gr\/de\/wp-json\/wp\/v2\/users\/1"}],"replies":[{"embeddable":true,"href":"https:\/\/www.perigiali-crete.gr\/de\/wp-json\/wp\/v2\/comments?post=3625"}],"version-history":[{"count":4,"href":"https:\/\/www.perigiali-crete.gr\/de\/wp-json\/wp\/v2\/pages\/3625\/revisions"}],"predecessor-version":[{"id":3756,"href":"https:\/\/www.perigiali-crete.gr\/de\/wp-json\/wp\/v2\/pages\/3625\/revisions\/3756"}],"wp:attachment":[{"href":"https:\/\/www.perigiali-crete.gr\/de\/wp-json\/wp\/v2\/media?parent=3625"}],"curies":[{"name":"wp","href":"https:\/\/api.w.org\/{rel}","templated":true}]}}