{"id":3609,"date":"2015-12-21T03:50:12","date_gmt":"2015-12-21T03:50:12","guid":{"rendered":"http:\/\/2017.perigiali-crete.gr\/home\/"},"modified":"2023-04-03T16:21:50","modified_gmt":"2023-04-03T16:21:50","slug":"home","status":"publish","type":"page","link":"https:\/\/www.perigiali-crete.gr\/de\/","title":{"rendered":"Startseite"},"content":{"rendered":"<div class=\"wpb-content-wrapper\"><p>[vc_row][vc_column][rev_slider_vc alias=&#8220;fitness&#8220;][\/vc_column][\/vc_row][vc_row overlay_set=&#8220;show_overlay_color&#8220; el_class=&#8220;margin-bottom-30&#8243;][vc_column]            <div class=\"call-action style1 p-color-bg short \" >\n                <div class=\"container\">\n                                        <h4>Buchen Sie jetzt und wir werden mit Ihnen in Verbindung setzen<\/h4>\n                                        <a class=\"m-button m-button-xs m-button-light m-button-bordered\" href=\"http:\/\/www.perigiali-crete.gr\/de\/makrigialos-appartments\/\"\n                       target=\"_self\">BUCHUNGEN - ANFRAGE                    <\/a>\n                <\/div>\n            <\/div>\n            [\/vc_column][\/vc_row][vc_row layout=&#8220;boxed&#8220; el_class=&#8220;margin-bottom-30 column-equal-height&#8220;][vc_column width=&#8220;1\/3&#8243; el_class=&#8220;col-md-4 col-sm-6 xs-margin-bottom-30&#8243;]\t\t\t<div class=\"iconbox icon-box-circle margin-bottom-50 top-inline color-dark\" >\n                <div class=\"icon-box-shape\">\n                    <a title=\"\" target=\"_self\" href=\"\/de\/makrigialos-wohnungen\/\">\n                                                        <i class=\"micon icon-water\"><\/i>\n                                                <\/a>\n                <\/div>\n                                    <h3><a title=\"\" target=\"_self\" href=\"\/de\/makrigialos-wohnungen\/\">APARTMENTS AM STRAND<\/a><\/h3>\n                                <p>Perigiali apartments sind nur 50 Meter vom Meer entfernt und die Ruhe der Landschaft bietet Entspannung f\u00fcr den Gast.<\/p>\n                \t\t\t<\/div>\n            [\/vc_column][vc_column width=&#8220;1\/3&#8243; el_class=&#8220;col-md-4 col-sm-6 xs-margin-bottom-30&#8243;]\t\t\t<div class=\"iconbox icon-box-circle margin-bottom-50 top-inline color-dark\" >\n                <div class=\"icon-box-shape\">\n                    <a title=\"\" target=\"_self\" href=\"\/de\/makrigialos-wohnungen\/\">\n                                                        <i class=\"micon icon-185066-picture-streamline\"><\/i>\n                                                <\/a>\n                <\/div>\n                                    <h3><a title=\"\" target=\"_self\" href=\"\/de\/makrigialos-wohnungen\/\">FREUNDLICHE UMGEBUNG<\/a><\/h3>\n                                <p>Perigiali Apartments bieten eine freundliche Umgebung f\u00fcr Ihren Urlaub im S\u00fcdosten Kretas. Sie eignen sich f\u00fcr Familienurlaub und f\u00fcr diejenigen, die einen erschwinglichen und doch komfortablen und unvergesslichen Urlaub haben wollen.<\/p>\n                \t\t\t<\/div>\n            [\/vc_column][vc_column width=&#8220;1\/3&#8243; el_class=&#8220;col-md-4 col-sm-6 xs-margin-bottom-30&#8243;]\t\t\t<div class=\"iconbox icon-box-circle margin-bottom-50 top-inline color-dark\" >\n                <div class=\"icon-box-shape\">\n                    <a title=\"\" target=\"_self\" href=\"\/de\/makrigialos-ostkreta\/\">\n                                                        <i class=\"micon icon-185080-bubble-love-streamline-talk\"><\/i>\n                                                <\/a>\n                <\/div>\n                                    <h3><a title=\"\" target=\"_self\" href=\"\/de\/makrigialos-ostkreta\/\">MAKRIGIALOS<\/a><\/h3>\n                                <p>Perigiali Apartments sind sehr gut gelegen mit einfachen Zugang zu den sch\u00f6nen Dorf Makrigialos und seine ber\u00fchmten Str\u00e4nde<\/p>\n                \t\t\t<\/div>\n            [\/vc_column][\/vc_row][vc_row el_class=&#8220;no-padding-vc&#8220;][vc_column width=&#8220;1\/3&#8243; el_class=&#8220;col-md-4 col-sm-6 col-xs-12&#8243;]            <div class=\"banner style3 \" >\n                <div class=\"overflow-hidden\">\n                    <div class=\"banner-bg-img icon-light banner-bg-dark\" style=\"height:316px;\">\n                                                                                        <i class=\"micon icon-anchor\"><\/i>\n                                                    <\/div>\n                <\/div>\n                <div class=\"overlay-banner banner-bg-dark\">\n                    <a class= \"link-banner\" title=\"\" target=\"_self\" href=\"\/de\/makrigialos-wohnungen\/\">\n                        <div class=\"content-middle\">\n                            <div class=\"content-middle-inner\">\n                                <div class=\"content-banner\">\n                                                                            <span class=\"sub-title\">Bequem und einfach<\/span>\n                                                                            <h4>PERIGIALI APARTMENTS<\/h4>\n                                                                            <p>Perigiali Ferienwohnungen zu vermieten befinden sich im Westen des malerischen Hafens von Makri Gialos, in der N\u00e4he des sch\u00f6nen Strand Kalamokanias.<\/p>\n                                                                    <\/div>\n                            <\/div>\n                        <\/div>\n                    <\/a>\n                <\/div>\n            <\/div>\n            [\/vc_column][vc_column width=&#8220;1\/3&#8243;]            <div class=\"banner style3 \" >\n                <div class=\"overflow-hidden\">\n                    <div class=\"banner-bg-img icon-light s-color-bg\" style=\"height:316px;\">\n                                                                                        <i class=\"micon icon-map-pin\"><\/i>\n                                                    <\/div>\n                <\/div>\n                <div class=\"overlay-banner s-color-bg\">\n                    <a class= \"link-banner\" title=\"\" target=\"_self\" href=\"\/de\/einrichtungen\/\">\n                        <div class=\"content-middle\">\n                            <div class=\"content-middle-inner\">\n                                <div class=\"content-banner\">\n                                                                            <span class=\"sub-title\">Ihr Urlaubsziel<\/span>\n                                                                            <h4>IDEAL REISEZIEL<\/h4>\n                                                                            <p>Perigiali Apartments sind ein ideales Urlaubsziel f\u00fcr Familien und \u00e4ltere Menschen, die Ruhe suchen und die herrliche Aussicht auf Liviko Meer und den herrlichen Sonnenuntergang genie\u00dfen m\u00f6chten.<\/p>\n                                                                    <\/div>\n                            <\/div>\n                        <\/div>\n                    <\/a>\n                <\/div>\n            <\/div>\n            [\/vc_column][vc_column width=&#8220;1\/3&#8243;]            <div class=\"banner style3 \" >\n                <div class=\"overflow-hidden\">\n                    <div class=\"banner-bg-img icon-dark banner-bg-light\" style=\"height:316px;\">\n                                                                                        <i class=\"micon icon-185038-home-house-streamline\"><\/i>\n                                                    <\/div>\n                <\/div>\n                <div class=\"overlay-banner banner-bg-light\">\n                    <a class= \"link-banner\" title=\"\" target=\"_self\" href=\"\/de\/makrigialos-ostkreta\/\">\n                        <div class=\"content-middle\">\n                            <div class=\"content-middle-inner\">\n                                <div class=\"content-banner\">\n                                                                            <span class=\"sub-title\">ttraction for tourists<\/span>\n                                                                            <h4>GREAT REVIEWS FOR MAKRIGIALOS<\/h4>\n                                                                            <p>Today, Makrigialos Village is an attraction for tourists all over the world including the Greek ones themselves who choose Makrigialos for their summer holidays.<\/p>\n                                                                    <\/div>\n                            <\/div>\n                        <\/div>\n                    <\/a>\n                <\/div>\n            <\/div>\n            [\/vc_column][\/vc_row][vc_row equal_height=&#8220;yes&#8220; parallax_style=&#8220;none&#8220; parallax_scroll_effect=&#8220;fixed&#8220; el_class=&#8220;margin-bottom-0&#8243; css=&#8220;.vc_custom_1496058611298{background-color: #eeeeee !important;}&#8220;][vc_column width=&#8220;1\/2&#8243; el_class=&#8220;col-md-6&#8243; css=&#8220;.vc_custom_1499954338093{background-image: url(https:\/\/perigiali-crete.gr\/wp-content\/uploads\/2017\/07\/home-14&#215;14-1.jpg?id=3732) !important;background-position: center !important;background-repeat: no-repeat !important;background-size: cover !important;}&#8220;][\/vc_column][vc_column width=&#8220;1\/2&#8243; el_class=&#8220;col-md-6 col-sm-12&#8243;]            <div class=\"heading color-dark size-sm text-center margin-bottom-40 padding-top-40\" >\n                                <div class=\"line-double\">\n                                                        <h2>\n                        KUNDEN LIEBEN UNSERE WOHNUNGEN!                    <\/h2>\n                                        <span>\n                        Perigiali apartments                    <\/span>\n                                    <\/div>\n                            <\/div>\n            [vc_column_text]Westlich und nicht weit von dem kleinen \u201cMakrys Gialos\u201d Hafen dehnt der sch\u00f6ne Strand \u201cKalamukania\u201d aus. Da befinden sich die Wohnungen \u201c<strong>Perigiali<\/strong>\u201d.\u00a0Die sch\u00f6ne Lage, 50 Meter vom Meer entfernt und die ruhige Umgebung garantieren entspannende Ferien.[\/vc_column_text][vc_single_image image=&#8220;3786&#8243; img_size=&#8220;large&#8220; alignment=&#8220;center&#8220; style=&#8220;vc_box_shadow&#8220; onclick=&#8220;link_image&#8220; css_animation=&#8220;fadeIn&#8220; css=&#8220;.vc_custom_1522076797635{margin-top: 20px !important;}&#8220;][\/vc_column][\/vc_row][vc_row][vc_column][vc_empty_space height=&#8220;20px&#8220;][vc_gmaps link=&#8220;#E-8_JTNDaWZyYW1lJTIwc3JjJTNEJTIyaHR0cHMlM0ElMkYlMkZ3d3cuZ29vZ2xlLmNvbSUyRm1hcHMlMkZlbWJlZCUzRnBiJTNEJTIxMW0xOCUyMTFtMTIlMjExbTMlMjExZDE4NzkuODc1MzY4MzIzNTg4NiUyMTJkMjUuOTcwMTY1NTczODk1NzQlMjEzZDM1LjAzNjIyMjg4MzU5NTczNCUyMTJtMyUyMTFmMCUyMTJmMCUyMTNmMCUyMTNtMiUyMTFpMTAyNCUyMTJpNzY4JTIxNGYxMy4xJTIxM20zJTIxMW0yJTIxMXMweDE0OTA2MWJkZjdiMTk0NDUlMjUzQTB4Njc5NzhiNjVlN2ZiM2RhYiUyMTJzUGVyaWdpYWxpJTI1MjBBcGFydG1lbnRzJTIxNWUxJTIxM20yJTIxMXNlbiUyMTJzZ3IlMjE0djE2ODA1Mzg1NDMyNDclMjE1bTIlMjExc2VuJTIxMnNnciUyMiUyMHdpZHRoJTNEJTIyMTAwJTI1JTIyJTIwaGVpZ2h0JTNEJTIyNDUwJTIyJTIwc3R5bGUlM0QlMjJib3JkZXIlM0EwJTNCJTIyJTIwYWxsb3dmdWxsc2NyZWVuJTNEJTIyJTIyJTIwbG9hZGluZyUzRCUyMmxhenklMjIlMjByZWZlcnJlcnBvbGljeSUzRCUyMm5vLXJlZmVycmVyLXdoZW4tZG93bmdyYWRlJTIyJTNFJTNDJTJGaWZyYW1lJTNF&#8220;][\/vc_column][\/vc_row]<\/p>\n<\/div>","protected":false},"excerpt":{"rendered":"<p>[vc_row][vc_column][rev_slider_vc alias=&#8220;fitness&#8220;][\/vc_column][\/vc_row][vc_row overlay_set=&#8220;show_overlay_color&#8220; el_class=&#8220;margin-bottom-30&#8243;][vc_column][\/vc_column][\/vc_row][vc_row layout=&#8220;boxed&#8220; el_class=&#8220;margin-bottom-30 column-equal-height&#8220;][vc_column width=&#8220;1\/3&#8243; el_class=&#8220;col-md-4 col-sm-6 xs-margin-bottom-30&#8243;][\/vc_column][vc_column width=&#8220;1\/3&#8243; el_class=&#8220;col-md-4 col-sm-6 xs-margin-bottom-30&#8243;][\/vc_column][vc_column width=&#8220;1\/3&#8243; el_class=&#8220;col-md-4 col-sm-6 xs-margin-bottom-30&#8243;][\/vc_column][\/vc_row][vc_row el_class=&#8220;no-padding-vc&#8220;][vc_column width=&#8220;1\/3&#8243; el_class=&#8220;col-md-4 col-sm-6 col-xs-12&#8243;][\/vc_column][vc_column width=&#8220;1\/3&#8243;][\/vc_column][vc_column width=&#8220;1\/3&#8243;][\/vc_column][\/vc_row][vc_row equal_height=&#8220;yes&#8220; parallax_style=&#8220;none&#8220; parallax_scroll_effect=&#8220;fixed&#8220; el_class=&#8220;margin-bottom-0&#8243; css=&#8220;.vc_custom_1496058611298{background-color: #eeeeee !important;}&#8220;][vc_column width=&#8220;1\/2&#8243; el_class=&#8220;col-md-6&#8243; css=&#8220;.vc_custom_1499954338093{background-image: url(https:\/\/perigiali-crete.gr\/wp-content\/uploads\/2017\/07\/home-14&#215;14-1.jpg?id=3732) !important;background-position: center !important;background-repeat: no-repeat !important;background-size: cover !important;}&#8220;][\/vc_column][vc_column width=&#8220;1\/2&#8243; el_class=&#8220;col-md-6 col-sm-12&#8243;][vc_column_text]Westlich und nicht weit von dem kleinen \u201cMakrys Gialos\u201d [&hellip;]<\/p>\n","protected":false},"author":1,"featured_media":0,"parent":0,"menu_order":0,"comment_status":"closed","ping_status":"closed","template":"","meta":{"footnotes":""},"class_list":["post-3609","page","type-page","status-publish","hentry"],"aioseo_notices":[],"_links":{"self":[{"href":"https:\/\/www.perigiali-crete.gr\/de\/wp-json\/wp\/v2\/pages\/3609","targetHints":{"allow":["GET"]}}],"collection":[{"href":"https:\/\/www.perigiali-crete.gr\/de\/wp-json\/wp\/v2\/pages"}],"about":[{"href":"https:\/\/www.perigiali-crete.gr\/de\/wp-json\/wp\/v2\/types\/page"}],"author":[{"embeddable":true,"href":"https:\/\/www.perigiali-crete.gr\/de\/wp-json\/wp\/v2\/users\/1"}],"replies":[{"embeddable":true,"href":"https:\/\/www.perigiali-crete.gr\/de\/wp-json\/wp\/v2\/comments?post=3609"}],"version-history":[{"count":9,"href":"https:\/\/www.perigiali-crete.gr\/de\/wp-json\/wp\/v2\/pages\/3609\/revisions"}],"predecessor-version":[{"id":3809,"href":"https:\/\/www.perigiali-crete.gr\/de\/wp-json\/wp\/v2\/pages\/3609\/revisions\/3809"}],"wp:attachment":[{"href":"https:\/\/www.perigiali-crete.gr\/de\/wp-json\/wp\/v2\/media?parent=3609"}],"curies":[{"name":"wp","href":"https:\/\/api.w.org\/{rel}","templated":true}]}}